{"id":451,"date":"2011-12-26T10:20:53","date_gmt":"2011-12-26T10:20:53","guid":{"rendered":"http:\/\/beautylab.daviddiez.com\/TheTwin\/?page_id=451"},"modified":"2013-02-08T18:38:18","modified_gmt":"2013-02-08T18:38:18","slug":"credits","status":"publish","type":"page","link":"https:\/\/beautylab.daviddiez.com\/TheTwin\/?page_id=451","title":{"rendered":"Credits"},"content":{"rendered":"<p><strong>Direction<\/strong><br \/>\n<a href=\"http:\/\/beautylab.daviddiez.com\/\" target=\"&quot;_blank\">David D\u00edez<\/a><\/p>\n<p><strong>Photographers<\/strong><br \/>\nJuanma Moncloa<br \/>\nRa\u00fal C\u00f3rdoba &amp; Jorge Fuster<br \/>\n<a href=\"http:\/\/anahimes.es\/ target=\">Ana Himes<\/a><br \/>\n<a href=\"http:\/\/www.albertovanstokkum.com\/ target=\">Alberto van Stokkum<\/a><\/p>\n<p><strong>Model<\/strong><br \/>\nLuna M.<br \/>\nChlo\u00e9 Wallace (photo #29)<\/p>\n<p>&#8211;<\/p>\n<p><strong>Production Managers<\/strong><br \/>\nCristina Ros<br \/>\nIsabel Vinuesa<\/p>\n<p><strong>Production Assistant<\/strong><br \/>\nIrene Escribano<\/p>\n<p>&#8211;<\/p>\n<p><strong>Stylists<\/strong><br \/>\n<a href=\"http:\/\/vimeo.com\/carolinagaliana\" target=\"_blank\">Carolina Galiana<\/a><br \/>\n<a href=\"http:\/\/www.cristinaterron.com\/\" target=\"_blank\">Cristina Terr\u00f3n<\/a><br \/>\n<a href=\"http:\/\/www.nalostyle.com\/\" target=\"_blank\">Natalia L\u00f3pez<\/a><\/p>\n<p><strong>Hair &amp; Make up<\/strong><br \/>\n<a href=\"http:\/\/www.misakiishihara.com\/\" target=\"_blank\">Misaki Ishihara<\/a><br \/>\n<a href=\"http:\/\/nycmad.com\/karolina-szumilas\/\" target=\"_blank\">Karolina Szumilas<\/a><\/p>\n<p>&#8211;<\/p>\n<p><strong>Graphic designer &amp; Documentation (day.by.day)<\/strong><br \/>\n<a href=\"http:\/\/www.onethursdaynight.it\" target=\"_blank\">Alessandra Pavan<\/a><\/p>\n<p><strong>Making-Of (video)<\/strong><br \/>\n<a href=\"http:\/\/www.thisisgrey.com\" target=\"_blank\">ThisisGrey<\/a><\/p>\n<p><strong>Making-Of (photo)<\/strong><br \/>\nDaniel Robert<br \/>\nRoc\u00edo \u00c1lvarez<br \/>\n<a href=\"http:\/\/www.martaorozcovillarrubia.com\/\" target=\"_blank\">Marta Orozco<\/a><\/p>\n<p><strong>Verkami video (shooting)<\/strong><br \/>\nSandra Munuera<br \/>\nEdu Pelegrin<br \/>\nFernando Rold\u00e1n<\/p>\n<p><strong>Verkami video (editing)<\/strong><br \/>\nAlejo Maside<\/p>\n<p>&#8211;<\/p>\n<p><strong>Special thanks to<\/strong><br \/>\n<a href=\"http:\/\/www.ellisfaas.com\/\" target=\"_blank\">Ellis Faas<\/a><br \/>\n<a href=\"http:\/\/www.lapezera.com\/\" target=\"_blank\">La Pezera<\/a><br \/>\nRafa Gallar<br \/>\nSanti Fern\u00e1ndez<br \/>\n<a href=\"http:\/\/www.casayustas.com\/\" target=\"_blank\">Casa Yustas<\/a><br \/>\n<a href=\"http:\/\/www.fedegalgos.com\/\" target=\"_blank\">Federaci\u00f3n espa\u00f1ola de Galgos<\/a><br \/>\nMiguel Angel \u00c1lvarez<br \/>\n<a href=\"http:\/\/www.julietaalvarez.com\/\" target=\"_blank\">Julieta \u00c1lvarez<\/a><br \/>\nNano Arrieta<br \/>\nMauro Bravo y Marina del Marmol<br \/>\n<a href=\"http:\/\/www.familiaplomez.com\/\" target=\"_blank\">La Familia Pl\u00f3mez<\/a><br \/>\nLe\u00f3n<\/p>\n<p>&nbsp;<\/p>\n<p>&nbsp;<\/p>\n<p>This is a project developed under the <strong><a title=\"Beauty Lab DDZ\" href=\"http:\/\/beautylab.daviddiez.com\" target=\"_blank\">Beauty Lab DDZ<\/a><\/strong> brand.<\/p>\n","protected":false},"excerpt":{"rendered":"<p>Direction David D\u00edez Photographers Juanma Moncloa Ra\u00fal C\u00f3rdoba &amp; Jorge Fuster Ana Himes Alberto van Stokkum Model Luna M. Chlo\u00e9 Wallace (photo #29) &#8211; Production Managers Cristina Ros Isabel Vinuesa Production Assistant Irene Escribano &#8211; Stylists Carolina Galiana Cristina Terr\u00f3n Natalia L\u00f3pez Hair &amp; Make up Misaki Ishihara Karolina Szumilas &#8211; Graphic designer &amp; Documentation [&hellip;]<\/p>\n","protected":false},"author":1,"featured_media":0,"parent":0,"menu_order":0,"comment_status":"open","ping_status":"open","template":"","meta":[],"_links":{"self":[{"href":"https:\/\/beautylab.daviddiez.com\/TheTwin\/index.php?rest_route=\/wp\/v2\/pages\/451"}],"collection":[{"href":"https:\/\/beautylab.daviddiez.com\/TheTwin\/index.php?rest_route=\/wp\/v2\/pages"}],"about":[{"href":"https:\/\/beautylab.daviddiez.com\/TheTwin\/index.php?rest_route=\/wp\/v2\/types\/page"}],"author":[{"embeddable":true,"href":"https:\/\/beautylab.daviddiez.com\/TheTwin\/index.php?rest_route=\/wp\/v2\/users\/1"}],"replies":[{"embeddable":true,"href":"https:\/\/beautylab.daviddiez.com\/TheTwin\/index.php?rest_route=%2Fwp%2Fv2%2Fcomments&post=451"}],"version-history":[{"count":30,"href":"https:\/\/beautylab.daviddiez.com\/TheTwin\/index.php?rest_route=\/wp\/v2\/pages\/451\/revisions"}],"predecessor-version":[{"id":515,"href":"https:\/\/beautylab.daviddiez.com\/TheTwin\/index.php?rest_route=\/wp\/v2\/pages\/451\/revisions\/515"}],"wp:attachment":[{"href":"https:\/\/beautylab.daviddiez.com\/TheTwin\/index.php?rest_route=%2Fwp%2Fv2%2Fmedia&parent=451"}],"curies":[{"name":"wp","href":"https:\/\/api.w.org\/{rel}","templated":true}]}}