{"id":222,"date":"2011-12-20T00:40:53","date_gmt":"2011-12-20T00:40:53","guid":{"rendered":"http:\/\/beautylab.daviddiez.com\/TheTwin\/?page_id=222"},"modified":"2012-01-09T17:41:26","modified_gmt":"2012-01-09T17:41:26","slug":"about","status":"publish","type":"page","link":"https:\/\/beautylab.daviddiez.com\/TheTwin\/?page_id=222","title":{"rendered":"About"},"content":{"rendered":"<p>The Twin es un proyecto de reconstrucci\u00f3n fotogr\u00e1fica de la belleza.<\/p>\n<p>Durante un periodo de cinco meses, un equipo de profesionales del arte y la fotograf\u00eda, llevaremos a cabo la documentaci\u00f3n y reproducci\u00f3n de las 100 fotograf\u00edas que han sido seleccionadas como ecos de base para el proyecto The Twin.<br \/>\nVolveremos a buscar los escenarios, las luces y los vestuarios de esos originales. Usaremos sus mismos encuadres y distancias focales. Nos obsesionaremos con sus composiciones. Pero nos permitiremos licencias, nuevos modos de interpretar.<br \/>\nNuestro objetivo no es fotocopiar im\u00e1genes, sino rendir homenaje a la sensibilidad de lo sautores originales y tratar de buscar conexiones profundas entre sus conceptos de belleza.<\/p>\n<p>As\u00ed cada uno de esos originales supondr\u00e1 uno de las 100 hermanas, o mejor, de los 100 espejos de referencia para los 100 diferentes retratos que tomaremos utilizando, en nuestro caso, a una misma modelo como \u00fanica gemela (\u2018twin\u2019 en ingl\u00e9s) de todos ellos.<\/p>\n<p>Confiamos en que la nueva narrativa generada, con su protagonista \u00fanico, nos permita entender mejor esas bellezas posibles, o al menos verlo de una forma nueva.<\/p>\n<p>&#8211;<\/p>\n<p>La persona y el personaje son entidades de naturaleza diferente.<\/p>\n<p>La primera posee connotaciones propias y dif\u00edcilmente mutables, lo que la independiza del conjunto y, al mismo tiempo, facilita su contacto con la realidad.<\/p>\n<p>Persona y personaje.<br \/>\nRealidad y reconstrucci\u00f3n.<br \/>\nDualidad para restablecer el juego rec\u00edproco,<br \/>\nentre las propiedades de lo que vemos y nuestra naturaleza sensible.<\/p>\n<p>The Twin es claramente un personaje, que roba momentos y sensaciones ajenos para nutrir su propia historia. Pero al mismo tiempo no puede evitar ser una persona, una \u00fanica modelo que aparece como protagonista de las cien reconstrucciones.<\/p>\n","protected":false},"excerpt":{"rendered":"<p>The Twin es un proyecto de reconstrucci\u00f3n fotogr\u00e1fica de la belleza. Durante un periodo de cinco meses, un equipo de profesionales del arte y la fotograf\u00eda, llevaremos a cabo la documentaci\u00f3n y reproducci\u00f3n de las 100 fotograf\u00edas que han sido seleccionadas como ecos de base para el proyecto The Twin. Volveremos a buscar los escenarios, [&hellip;]<\/p>\n","protected":false},"author":1,"featured_media":0,"parent":0,"menu_order":1,"comment_status":"open","ping_status":"closed","template":"","meta":[],"_links":{"self":[{"href":"https:\/\/beautylab.daviddiez.com\/TheTwin\/index.php?rest_route=\/wp\/v2\/pages\/222"}],"collection":[{"href":"https:\/\/beautylab.daviddiez.com\/TheTwin\/index.php?rest_route=\/wp\/v2\/pages"}],"about":[{"href":"https:\/\/beautylab.daviddiez.com\/TheTwin\/index.php?rest_route=\/wp\/v2\/types\/page"}],"author":[{"embeddable":true,"href":"https:\/\/beautylab.daviddiez.com\/TheTwin\/index.php?rest_route=\/wp\/v2\/users\/1"}],"replies":[{"embeddable":true,"href":"https:\/\/beautylab.daviddiez.com\/TheTwin\/index.php?rest_route=%2Fwp%2Fv2%2Fcomments&post=222"}],"version-history":[{"count":10,"href":"https:\/\/beautylab.daviddiez.com\/TheTwin\/index.php?rest_route=\/wp\/v2\/pages\/222\/revisions"}],"predecessor-version":[{"id":448,"href":"https:\/\/beautylab.daviddiez.com\/TheTwin\/index.php?rest_route=\/wp\/v2\/pages\/222\/revisions\/448"}],"wp:attachment":[{"href":"https:\/\/beautylab.daviddiez.com\/TheTwin\/index.php?rest_route=%2Fwp%2Fv2%2Fmedia&parent=222"}],"curies":[{"name":"wp","href":"https:\/\/api.w.org\/{rel}","templated":true}]}}